{"id":14,"date":"2025-07-03T14:38:58","date_gmt":"2025-07-03T14:38:58","guid":{"rendered":"https:\/\/cesteticasilviabenitez.rkinformatika.online\/?page_id=14"},"modified":"2025-07-11T14:50:01","modified_gmt":"2025-07-11T14:50:01","slug":"inicio","status":"publish","type":"page","link":"https:\/\/esteticasilviabenitez.com\/en\/","title":{"rendered":"Home"},"content":{"rendered":"<div data-elementor-type=\"wp-page\" data-elementor-id=\"14\" class=\"elementor elementor-14\" data-elementor-post-type=\"page\">\n\t\t\t\t<div class=\"elementor-element elementor-element-543c217 e-flex e-con-boxed e-con e-parent\" data-id=\"543c217\" data-element_type=\"container\" data-e-type=\"container\" data-settings=\"{&quot;background_background&quot;:&quot;classic&quot;}\">\n\t\t\t\t\t<div class=\"e-con-inner\">\n\t\t\t\t<div class=\"elementor-element elementor-element-37cc45e elementor-invisible elementor-widget elementor-widget-heading\" data-id=\"37cc45e\" data-element_type=\"widget\" data-e-type=\"widget\" data-settings=\"{&quot;_animation&quot;:&quot;fadeInLeft&quot;}\" data-widget_type=\"heading.default\">\n\t\t\t\t\t<h2 class=\"elementor-heading-title elementor-size-default\">Silvia Benitez<\/h2>\t\t\t\t<\/div>\n\t\t\t\t<div class=\"elementor-element elementor-element-6965e21 elementor-invisible elementor-widget elementor-widget-text-editor\" data-id=\"6965e21\" data-element_type=\"widget\" data-e-type=\"widget\" data-settings=\"{&quot;_animation&quot;:&quot;fadeInUp&quot;}\" data-widget_type=\"text-editor.default\">\n\t\t\t\t\t\t\t\t\t<p>Aesthetic Center<\/p>\t\t\t\t\t\t\t\t<\/div>\n\t\t\t\t\t<\/div>\n\t\t\t\t<\/div>\n\t\t<div class=\"elementor-element elementor-element-7ddd953 e-flex e-con-boxed e-con e-parent\" data-id=\"7ddd953\" data-element_type=\"container\" data-e-type=\"container\" data-settings=\"{&quot;background_background&quot;:&quot;classic&quot;}\">\n\t\t\t\t\t<div class=\"e-con-inner\">\n\t\t<div class=\"elementor-element elementor-element-d0f2423 e-con-full e-flex e-con e-child\" data-id=\"d0f2423\" data-element_type=\"container\" data-e-type=\"container\">\n\t\t\t\t<div class=\"elementor-element elementor-element-639e9b9 elementor-widget elementor-widget-heading\" data-id=\"639e9b9\" data-element_type=\"widget\" data-e-type=\"widget\" data-widget_type=\"heading.default\">\n\t\t\t\t\t<h2 class=\"elementor-heading-title elementor-size-default\">About Us<\/h2>\t\t\t\t<\/div>\n\t\t\t\t<div class=\"elementor-element elementor-element-6f56abb elementor-widget elementor-widget-text-editor\" data-id=\"6f56abb\" data-element_type=\"widget\" data-e-type=\"widget\" data-widget_type=\"text-editor.default\">\n\t\t\t\t\t\t\t\t\t<p>Since 1992, the Silvia Ben\u00edtez Aesthetic Center has been a benchmark in personal care and beauty in our community. Founded by Silvia Ben\u00edtez, a passionate aesthetician trained in European facial and body care techniques, the center was born with a very clear vision: to offer a welcoming, professional space committed to the well-being of each client.<\/p><p>What began as a small facial treatment room grew thanks to dedication, personalized attention, and visible results. Over the years, the center has evolved by incorporating state-of-the-art technology, high-quality cosmetic products, and a continuously trained team.<\/p><p>Today, with over 30 years of experience, the Silvia Ben\u00edtez Aesthetic Center offers a wide range of facial and body aesthetic treatments, laser hair removal, massages, and comprehensive beauty advice. The loyalty of our clients, some with us since the beginning, is our greatest endorsement.<\/p><p>Our commitment has remained the same since 1992: to care for you with professionalism, warmth, and passion for what we do.<\/p>\t\t\t\t\t\t\t\t<\/div>\n\t\t\t\t<\/div>\n\t\t<div class=\"elementor-element elementor-element-000fc41 e-con-full e-flex e-con e-child\" data-id=\"000fc41\" data-element_type=\"container\" data-e-type=\"container\">\n\t\t\t\t<div class=\"elementor-element elementor-element-7de67a2 elementor-widget elementor-widget-image\" data-id=\"7de67a2\" data-element_type=\"widget\" data-e-type=\"widget\" data-widget_type=\"image.default\">\n\t\t\t\t\t\t\t\t\t\t\t\t\t\t\t<img fetchpriority=\"high\" decoding=\"async\" width=\"800\" height=\"534\" src=\"https:\/\/esteticasilviabenitez.com\/wp-content\/uploads\/2025\/07\/2785-1024x683.jpg\" class=\"attachment-large size-large wp-image-329\" alt=\"\" srcset=\"https:\/\/esteticasilviabenitez.com\/wp-content\/uploads\/2025\/07\/2785-1024x683.jpg 1024w, https:\/\/esteticasilviabenitez.com\/wp-content\/uploads\/2025\/07\/2785-300x200.jpg 300w, https:\/\/esteticasilviabenitez.com\/wp-content\/uploads\/2025\/07\/2785-768x512.jpg 768w, https:\/\/esteticasilviabenitez.com\/wp-content\/uploads\/2025\/07\/2785-18x12.jpg 18w, https:\/\/esteticasilviabenitez.com\/wp-content\/uploads\/2025\/07\/2785.jpg 1500w\" sizes=\"(max-width: 800px) 100vw, 800px\" \/>\t\t\t\t\t\t\t\t\t\t\t\t\t\t\t<\/div>\n\t\t\t\t<\/div>\n\t\t\t\t\t<\/div>\n\t\t\t\t<\/div>\n\t\t<div class=\"elementor-element elementor-element-bf17f35 e-flex e-con-boxed e-con e-parent\" data-id=\"bf17f35\" data-element_type=\"container\" data-e-type=\"container\" data-settings=\"{&quot;background_background&quot;:&quot;classic&quot;}\">\n\t\t\t\t\t<div class=\"e-con-inner\">\n\t\t\t\t<div class=\"elementor-element elementor-element-89b46cb elementor-cta--skin-cover elementor-animated-content elementor-bg-transform elementor-bg-transform-zoom-in elementor-widget elementor-widget-call-to-action\" data-id=\"89b46cb\" data-element_type=\"widget\" data-e-type=\"widget\" data-widget_type=\"call-to-action.default\">\n\t\t\t\t\t\t\t<div class=\"elementor-cta\">\n\t\t\t\t\t<div class=\"elementor-cta__bg-wrapper\">\n\t\t\t\t<div class=\"elementor-cta__bg elementor-bg\" style=\"background-image: url(https:\/\/esteticasilviabenitez.com\/wp-content\/uploads\/2025\/07\/2148194184-1024x683.jpg);\" role=\"img\" aria-label=\"2148194184\"><\/div>\n\t\t\t\t<div class=\"elementor-cta__bg-overlay\"><\/div>\n\t\t\t<\/div>\n\t\t\t\t\t\t\t<div class=\"elementor-cta__content\">\n\t\t\t\t\n\t\t\t\t\t\t\t\t\t<h2 class=\"elementor-cta__title elementor-cta__content-item elementor-content-item elementor-animated-item--grow\">\n\t\t\t\t\t\tYour beauty, our commitment.\t\t\t\t\t<\/h2>\n\t\t\t\t\n\t\t\t\t\t\t\t\t\t<div class=\"elementor-cta__description elementor-cta__content-item elementor-content-item elementor-animated-item--grow\">\n\t\t\t\t\t\tAre you looking for a new look or simply want to take better care of yourself?\t\t\t\t\t<\/div>\n\t\t\t\t\n\t\t\t\t\t\t\t\t\t<div class=\"elementor-cta__button-wrapper elementor-cta__content-item elementor-content-item elementor-animated-item--grow\">\n\t\t\t\t\t<a class=\"elementor-cta__button elementor-button elementor-size-\" href=\"https:\/\/esteticasilviabenitez.com\/index.php\/servicios\/\">\n\t\t\t\t\t\tSERVICES\t\t\t\t\t<\/a>\n\t\t\t\t\t<\/div>\n\t\t\t\t\t\t\t<\/div>\n\t\t\t\t\t\t<\/div>\n\t\t\t\t\t\t<\/div>\n\t\t\t\t\t<\/div>\n\t\t\t\t<\/div>\n\t\t\t\t<\/div>","protected":false},"excerpt":{"rendered":"<p>Silvia Benitez Centro Est\u00e9tica Sobre nosotros Desde 1992, el Centro de Est\u00e9tica Silvia Ben\u00edtez ha sido un referente en el cuidado personal y la belleza en nuestra comunidad. Fundado por Silvia Ben\u00edtez, una apasionada de la est\u00e9tica con formaci\u00f3n en t\u00e9cnicas europeas de cuidado facial y corporal, el centro naci\u00f3 con una visi\u00f3n muy clara: [&hellip;]<\/p>\n","protected":false},"author":1,"featured_media":0,"parent":0,"menu_order":0,"comment_status":"closed","ping_status":"closed","template":"elementor_canvas","meta":{"footnotes":""},"class_list":["post-14","page","type-page","status-publish","hentry"],"yoast_head":"<!-- This site is optimized with the Yoast SEO plugin v27.3 - https:\/\/yoast.com\/product\/yoast-seo-wordpress\/ -->\n<title>Inicio - Centro Est\u00e9tica Silvia Benitez<\/title>\n<meta name=\"robots\" content=\"index, follow, max-snippet:-1, max-image-preview:large, max-video-preview:-1\" \/>\n<link rel=\"canonical\" href=\"https:\/\/esteticasilviabenitez.com\/en\/\" \/>\n<meta property=\"og:locale\" content=\"en_GB\" \/>\n<meta property=\"og:type\" content=\"article\" \/>\n<meta property=\"og:title\" content=\"Inicio - Centro Est\u00e9tica Silvia Benitez\" \/>\n<meta property=\"og:description\" content=\"Silvia Benitez Centro Est\u00e9tica Sobre nosotros Desde 1992, el Centro de Est\u00e9tica Silvia Ben\u00edtez ha sido un referente en el cuidado personal y la belleza en nuestra comunidad. Fundado por Silvia Ben\u00edtez, una apasionada de la est\u00e9tica con formaci\u00f3n en t\u00e9cnicas europeas de cuidado facial y corporal, el centro naci\u00f3 con una visi\u00f3n muy clara: [&hellip;]\" \/>\n<meta property=\"og:url\" content=\"https:\/\/esteticasilviabenitez.com\/en\/\" \/>\n<meta property=\"og:site_name\" content=\"Centro Est\u00e9tica Silvia Benitez\" \/>\n<meta property=\"article:modified_time\" content=\"2025-07-11T14:50:01+00:00\" \/>\n<meta property=\"og:image\" content=\"https:\/\/esteticasilviabenitez.com\/wp-content\/uploads\/2025\/07\/2785-1024x683.jpg\" \/>\n<meta name=\"twitter:card\" content=\"summary_large_image\" \/>\n<meta name=\"twitter:label1\" content=\"Estimated reading time\" \/>\n\t<meta name=\"twitter:data1\" content=\"1 minute\" \/>\n<script type=\"application\/ld+json\" class=\"yoast-schema-graph\">{\"@context\":\"https:\\\/\\\/schema.org\",\"@graph\":[{\"@type\":\"WebPage\",\"@id\":\"https:\\\/\\\/esteticasilviabenitez.com\\\/\",\"url\":\"https:\\\/\\\/esteticasilviabenitez.com\\\/\",\"name\":\"Inicio - Centro Est\u00e9tica Silvia Benitez\",\"isPartOf\":{\"@id\":\"https:\\\/\\\/esteticasilviabenitez.com\\\/#website\"},\"primaryImageOfPage\":{\"@id\":\"https:\\\/\\\/esteticasilviabenitez.com\\\/#primaryimage\"},\"image\":{\"@id\":\"https:\\\/\\\/esteticasilviabenitez.com\\\/#primaryimage\"},\"thumbnailUrl\":\"https:\\\/\\\/esteticasilviabenitez.com\\\/wp-content\\\/uploads\\\/2025\\\/07\\\/2785-1024x683.jpg\",\"datePublished\":\"2025-07-03T14:38:58+00:00\",\"dateModified\":\"2025-07-11T14:50:01+00:00\",\"breadcrumb\":{\"@id\":\"https:\\\/\\\/esteticasilviabenitez.com\\\/#breadcrumb\"},\"inLanguage\":\"en-GB\",\"potentialAction\":[{\"@type\":\"ReadAction\",\"target\":[\"https:\\\/\\\/esteticasilviabenitez.com\\\/\"]}]},{\"@type\":\"ImageObject\",\"inLanguage\":\"en-GB\",\"@id\":\"https:\\\/\\\/esteticasilviabenitez.com\\\/#primaryimage\",\"url\":\"https:\\\/\\\/esteticasilviabenitez.com\\\/wp-content\\\/uploads\\\/2025\\\/07\\\/2785-1024x683.jpg\",\"contentUrl\":\"https:\\\/\\\/esteticasilviabenitez.com\\\/wp-content\\\/uploads\\\/2025\\\/07\\\/2785-1024x683.jpg\"},{\"@type\":\"BreadcrumbList\",\"@id\":\"https:\\\/\\\/esteticasilviabenitez.com\\\/#breadcrumb\",\"itemListElement\":[{\"@type\":\"ListItem\",\"position\":1,\"name\":\"Portada\",\"item\":\"https:\\\/\\\/esteticasilviabenitez.com\\\/\"},{\"@type\":\"ListItem\",\"position\":2,\"name\":\"Inicio\"}]},{\"@type\":\"WebSite\",\"@id\":\"https:\\\/\\\/esteticasilviabenitez.com\\\/#website\",\"url\":\"https:\\\/\\\/esteticasilviabenitez.com\\\/\",\"name\":\"Centro Est\u00e9tica Silvia Benitez\",\"description\":\"Centro Est\u00e9tica avanzada facial y corporal\",\"publisher\":{\"@id\":\"https:\\\/\\\/esteticasilviabenitez.com\\\/#organization\"},\"potentialAction\":[{\"@type\":\"SearchAction\",\"target\":{\"@type\":\"EntryPoint\",\"urlTemplate\":\"https:\\\/\\\/esteticasilviabenitez.com\\\/?s={search_term_string}\"},\"query-input\":{\"@type\":\"PropertyValueSpecification\",\"valueRequired\":true,\"valueName\":\"search_term_string\"}}],\"inLanguage\":\"en-GB\"},{\"@type\":\"Organization\",\"@id\":\"https:\\\/\\\/esteticasilviabenitez.com\\\/#organization\",\"name\":\"Centro Est\u00e9tica Silvia Benitez\",\"url\":\"https:\\\/\\\/esteticasilviabenitez.com\\\/\",\"logo\":{\"@type\":\"ImageObject\",\"inLanguage\":\"en-GB\",\"@id\":\"https:\\\/\\\/esteticasilviabenitez.com\\\/#\\\/schema\\\/logo\\\/image\\\/\",\"url\":\"https:\\\/\\\/esteticasilviabenitez.com\\\/wp-content\\\/uploads\\\/2025\\\/07\\\/cropped-sin-fondo.png\",\"contentUrl\":\"https:\\\/\\\/esteticasilviabenitez.com\\\/wp-content\\\/uploads\\\/2025\\\/07\\\/cropped-sin-fondo.png\",\"width\":1079,\"height\":1076,\"caption\":\"Centro Est\u00e9tica Silvia Benitez\"},\"image\":{\"@id\":\"https:\\\/\\\/esteticasilviabenitez.com\\\/#\\\/schema\\\/logo\\\/image\\\/\"}}]}<\/script>\n<!-- \/ Yoast SEO plugin. -->","yoast_head_json":{"title":"Inicio - Centro Est\u00e9tica Silvia Benitez","robots":{"index":"index","follow":"follow","max-snippet":"max-snippet:-1","max-image-preview":"max-image-preview:large","max-video-preview":"max-video-preview:-1"},"canonical":"https:\/\/esteticasilviabenitez.com\/en\/","og_locale":"en_GB","og_type":"article","og_title":"Inicio - Centro Est\u00e9tica Silvia Benitez","og_description":"Silvia Benitez Centro Est\u00e9tica Sobre nosotros Desde 1992, el Centro de Est\u00e9tica Silvia Ben\u00edtez ha sido un referente en el cuidado personal y la belleza en nuestra comunidad. Fundado por Silvia Ben\u00edtez, una apasionada de la est\u00e9tica con formaci\u00f3n en t\u00e9cnicas europeas de cuidado facial y corporal, el centro naci\u00f3 con una visi\u00f3n muy clara: [&hellip;]","og_url":"https:\/\/esteticasilviabenitez.com\/en\/","og_site_name":"Centro Est\u00e9tica Silvia Benitez","article_modified_time":"2025-07-11T14:50:01+00:00","og_image":[{"url":"https:\/\/esteticasilviabenitez.com\/wp-content\/uploads\/2025\/07\/2785-1024x683.jpg","type":"","width":"","height":""}],"twitter_card":"summary_large_image","twitter_misc":{"Estimated reading time":"1 minute"},"schema":{"@context":"https:\/\/schema.org","@graph":[{"@type":"WebPage","@id":"https:\/\/esteticasilviabenitez.com\/","url":"https:\/\/esteticasilviabenitez.com\/","name":"Inicio - Centro Est\u00e9tica Silvia Benitez","isPartOf":{"@id":"https:\/\/esteticasilviabenitez.com\/#website"},"primaryImageOfPage":{"@id":"https:\/\/esteticasilviabenitez.com\/#primaryimage"},"image":{"@id":"https:\/\/esteticasilviabenitez.com\/#primaryimage"},"thumbnailUrl":"https:\/\/esteticasilviabenitez.com\/wp-content\/uploads\/2025\/07\/2785-1024x683.jpg","datePublished":"2025-07-03T14:38:58+00:00","dateModified":"2025-07-11T14:50:01+00:00","breadcrumb":{"@id":"https:\/\/esteticasilviabenitez.com\/#breadcrumb"},"inLanguage":"en-GB","potentialAction":[{"@type":"ReadAction","target":["https:\/\/esteticasilviabenitez.com\/"]}]},{"@type":"ImageObject","inLanguage":"en-GB","@id":"https:\/\/esteticasilviabenitez.com\/#primaryimage","url":"https:\/\/esteticasilviabenitez.com\/wp-content\/uploads\/2025\/07\/2785-1024x683.jpg","contentUrl":"https:\/\/esteticasilviabenitez.com\/wp-content\/uploads\/2025\/07\/2785-1024x683.jpg"},{"@type":"BreadcrumbList","@id":"https:\/\/esteticasilviabenitez.com\/#breadcrumb","itemListElement":[{"@type":"ListItem","position":1,"name":"Portada","item":"https:\/\/esteticasilviabenitez.com\/"},{"@type":"ListItem","position":2,"name":"Inicio"}]},{"@type":"WebSite","@id":"https:\/\/esteticasilviabenitez.com\/#website","url":"https:\/\/esteticasilviabenitez.com\/","name":"Centro Est\u00e9tica Silvia Benitez","description":"Centro Est\u00e9tica avanzada facial y corporal","publisher":{"@id":"https:\/\/esteticasilviabenitez.com\/#organization"},"potentialAction":[{"@type":"SearchAction","target":{"@type":"EntryPoint","urlTemplate":"https:\/\/esteticasilviabenitez.com\/?s={search_term_string}"},"query-input":{"@type":"PropertyValueSpecification","valueRequired":true,"valueName":"search_term_string"}}],"inLanguage":"en-GB"},{"@type":"Organization","@id":"https:\/\/esteticasilviabenitez.com\/#organization","name":"Centro Est\u00e9tica Silvia Benitez","url":"https:\/\/esteticasilviabenitez.com\/","logo":{"@type":"ImageObject","inLanguage":"en-GB","@id":"https:\/\/esteticasilviabenitez.com\/#\/schema\/logo\/image\/","url":"https:\/\/esteticasilviabenitez.com\/wp-content\/uploads\/2025\/07\/cropped-sin-fondo.png","contentUrl":"https:\/\/esteticasilviabenitez.com\/wp-content\/uploads\/2025\/07\/cropped-sin-fondo.png","width":1079,"height":1076,"caption":"Centro Est\u00e9tica Silvia Benitez"},"image":{"@id":"https:\/\/esteticasilviabenitez.com\/#\/schema\/logo\/image\/"}}]}},"_links":{"self":[{"href":"https:\/\/esteticasilviabenitez.com\/en\/wp-json\/wp\/v2\/pages\/14","targetHints":{"allow":["GET"]}}],"collection":[{"href":"https:\/\/esteticasilviabenitez.com\/en\/wp-json\/wp\/v2\/pages"}],"about":[{"href":"https:\/\/esteticasilviabenitez.com\/en\/wp-json\/wp\/v2\/types\/page"}],"author":[{"embeddable":true,"href":"https:\/\/esteticasilviabenitez.com\/en\/wp-json\/wp\/v2\/users\/1"}],"replies":[{"embeddable":true,"href":"https:\/\/esteticasilviabenitez.com\/en\/wp-json\/wp\/v2\/comments?post=14"}],"version-history":[{"count":58,"href":"https:\/\/esteticasilviabenitez.com\/en\/wp-json\/wp\/v2\/pages\/14\/revisions"}],"predecessor-version":[{"id":336,"href":"https:\/\/esteticasilviabenitez.com\/en\/wp-json\/wp\/v2\/pages\/14\/revisions\/336"}],"wp:attachment":[{"href":"https:\/\/esteticasilviabenitez.com\/en\/wp-json\/wp\/v2\/media?parent=14"}],"curies":[{"name":"wp","href":"https:\/\/api.w.org\/{rel}","templated":true}]}}